{"id":3994,"date":"2022-07-14T16:30:23","date_gmt":"2022-07-14T14:30:23","guid":{"rendered":"https:\/\/morgensonne.astesu.com\/reserver\/demande-dhotel\/"},"modified":"2022-07-24T21:08:54","modified_gmt":"2022-07-24T19:08:54","slug":"demande-dhotel","status":"publish","type":"page","link":"https:\/\/www.morgensonne.de\/fr\/reserver\/demande-dhotel\/","title":{"rendered":"Demande d&rsquo;h\u00f4tel"},"content":{"rendered":"\t\t<div data-elementor-type=\"wp-page\" data-elementor-id=\"3994\" class=\"elementor elementor-3994 elementor-2294\" data-elementor-post-type=\"page\">\n\t\t\t\t\t\t<section class=\"elementor-section elementor-top-section elementor-element elementor-element-a9e86d7 elementor-section-height-min-height elementor-section-boxed elementor-section-height-default elementor-section-items-middle\" data-id=\"a9e86d7\" data-element_type=\"section\" data-settings=\"{&quot;background_background&quot;:&quot;classic&quot;}\">\n\t\t\t\t\t\t\t<div class=\"elementor-background-overlay\"><\/div>\n\t\t\t\t\t\t\t<div class=\"elementor-container elementor-column-gap-default\">\n\t\t\t\t\t<div class=\"elementor-column elementor-col-100 elementor-top-column elementor-element elementor-element-bef6072\" data-id=\"bef6072\" data-element_type=\"column\">\n\t\t\t<div class=\"elementor-widget-wrap\">\n\t\t\t\t\t\t\t<\/div>\n\t\t<\/div>\n\t\t\t\t\t<\/div>\n\t\t<\/section>\n\t\t\t\t<section class=\"elementor-section elementor-top-section elementor-element elementor-element-ae23ac0 elementor-section-boxed elementor-section-height-default elementor-section-height-default\" data-id=\"ae23ac0\" data-element_type=\"section\">\n\t\t\t\t\t\t<div class=\"elementor-container elementor-column-gap-default\">\n\t\t\t\t\t<div class=\"elementor-column elementor-col-100 elementor-top-column elementor-element elementor-element-cff93ee\" data-id=\"cff93ee\" data-element_type=\"column\">\n\t\t\t<div class=\"elementor-widget-wrap elementor-element-populated\">\n\t\t\t\t\t\t<div class=\"elementor-element elementor-element-c6047b4 elementor-widget elementor-widget-heading\" data-id=\"c6047b4\" data-element_type=\"widget\" data-widget_type=\"heading.default\">\n\t\t\t\t<div class=\"elementor-widget-container\">\n\t\t\t\t\t<h2 class=\"elementor-heading-title elementor-size-large\">Contactez-nous<\/h2>\t\t\t\t<\/div>\n\t\t\t\t<\/div>\n\t\t\t\t<div class=\"elementor-element elementor-element-3b0d2c6 elementor-widget elementor-widget-heading\" data-id=\"3b0d2c6\" data-element_type=\"widget\" data-widget_type=\"heading.default\">\n\t\t\t\t<div class=\"elementor-widget-container\">\n\t\t\t\t\t<h1 class=\"elementor-heading-title elementor-size-xl\">Demande d'h\u00f4tel<\/h1>\t\t\t\t<\/div>\n\t\t\t\t<\/div>\n\t\t\t\t<div class=\"elementor-element elementor-element-d0da905 elementor-widget-divider--separator-type-pattern elementor-widget-divider--view-line elementor-widget elementor-widget-divider\" data-id=\"d0da905\" data-element_type=\"widget\" data-widget_type=\"divider.default\">\n\t\t\t\t<div class=\"elementor-widget-container\">\n\t\t\t\t\t\t\t<div class=\"elementor-divider\" style=\"--divider-pattern-url: url(&quot;data:image\/svg+xml,%3Csvg xmlns=&#039;http:\/\/www.w3.org\/2000\/svg&#039; preserveAspectRatio=&#039;none&#039; overflow=&#039;visible&#039; height=&#039;100%&#039; viewBox=&#039;0 0 24 24&#039; fill=&#039;none&#039; stroke=&#039;black&#039; stroke-width=&#039;2&#039; stroke-linecap=&#039;square&#039; stroke-miterlimit=&#039;10&#039;%3E%3Cpath d=&#039;M0,21c3.3,0,8.3-0.9,15.7-7.1c6.6-5.4,4.4-9.3,2.4-10.3c-3.4-1.8-7.7,1.3-7.3,8.8C11.2,20,17.1,21,24,21&#039;\/%3E%3C\/svg%3E&quot;);\">\n\t\t\t<span class=\"elementor-divider-separator\">\n\t\t\t\t\t\t<\/span>\n\t\t<\/div>\n\t\t\t\t\t\t<\/div>\n\t\t\t\t<\/div>\n\t\t\t\t<div class=\"elementor-element elementor-element-861fb78 elementor-widget elementor-widget-text-editor\" data-id=\"861fb78\" data-element_type=\"widget\" data-widget_type=\"text-editor.default\">\n\t\t\t\t<div class=\"elementor-widget-container\">\n\t\t\t\t\t\t\t\t\t<div class=\"text\">Nous sommes heureux que vous vous int\u00e9ressiez \u00e0 un s\u00e9jour dans notre \u00e9tablissement et nous vous soumettons volontiers une offre sans engagement. Pour ce faire, il vous suffit de remplir le formulaire suivant et de nous envoyer votre demande. Nous vous contacterons imm\u00e9diatement par e-mail.<\/div>\t\t\t\t\t\t\t\t<\/div>\n\t\t\t\t<\/div>\n\t\t\t\t\t<\/div>\n\t\t<\/div>\n\t\t\t\t\t<\/div>\n\t\t<\/section>\n\t\t\t\t<section class=\"elementor-section elementor-top-section elementor-element elementor-element-959b08f elementor-section-boxed elementor-section-height-default elementor-section-height-default\" data-id=\"959b08f\" data-element_type=\"section\">\n\t\t\t\t\t\t<div class=\"elementor-container elementor-column-gap-default\">\n\t\t\t\t\t<div class=\"elementor-column elementor-col-100 elementor-top-column elementor-element elementor-element-d4e02d3\" data-id=\"d4e02d3\" data-element_type=\"column\">\n\t\t\t<div class=\"elementor-widget-wrap elementor-element-populated\">\n\t\t\t\t\t\t<div class=\"elementor-element elementor-element-bb543a7 uael-cf7-style-box uael-cf7-input-size-sm uael-cf7-button-left uael-cf7-btn-size-sm uael-cf7-highlight-style-default elementor-widget elementor-widget-uael-cf7-styler\" data-id=\"bb543a7\" data-element_type=\"widget\" data-widget_type=\"uael-cf7-styler.default\">\n\t\t\t\t<div class=\"elementor-widget-container\">\n\t\t\t\t\t\t\t\t\t<div class = \"uael-cf7-container\">\n\t\t\t\t\t\t<div class = \"uael-cf7 uael-cf7-style elementor-clickable\">\n\t\t\t\t\t\t\n<div class=\"wpcf7 no-js\" id=\"wpcf7-f3999-o1\" lang=\"fr-FR\" dir=\"ltr\" data-wpcf7-id=\"3999\">\n<div class=\"screen-reader-response\"><p role=\"status\" aria-live=\"polite\" aria-atomic=\"true\"><\/p> <ul><\/ul><\/div>\n<form action=\"\/fr\/wp-json\/wp\/v2\/pages\/3994#wpcf7-f3999-o1\" method=\"post\" class=\"wpcf7-form init\" aria-label=\"Formulaire de contact\" novalidate=\"novalidate\" data-status=\"init\">\n<div style=\"display: none;\">\n<input type=\"hidden\" name=\"_wpcf7\" value=\"3999\" \/>\n<input type=\"hidden\" name=\"_wpcf7_version\" value=\"6.0.6\" \/>\n<input type=\"hidden\" name=\"_wpcf7_locale\" value=\"fr_FR\" \/>\n<input type=\"hidden\" name=\"_wpcf7_unit_tag\" value=\"wpcf7-f3999-o1\" \/>\n<input type=\"hidden\" name=\"_wpcf7_container_post\" value=\"0\" \/>\n<input type=\"hidden\" name=\"_wpcf7_posted_data_hash\" value=\"\" \/>\n<\/div>\n<p><label> Arriv\u00e9e*<br \/>\n<span class=\"wpcf7-form-control-wrap\" data-name=\"anreise\"><input class=\"wpcf7-form-control wpcf7-date wpcf7-validates-as-required wpcf7-validates-as-date\" aria-required=\"true\" aria-invalid=\"false\" value=\"\" type=\"date\" name=\"anreise\" \/><\/span> <\/label>\n<\/p>\n<p><label> D\u00e9part*<br \/>\n<span class=\"wpcf7-form-control-wrap\" data-name=\"abreise\"><input class=\"wpcf7-form-control wpcf7-date wpcf7-validates-as-required wpcf7-validates-as-date\" aria-required=\"true\" aria-invalid=\"false\" value=\"\" type=\"date\" name=\"abreise\" \/><\/span> <\/label>\n<\/p>\n<p><label> Nombre d'adultes<br \/>\n<span class=\"wpcf7-form-control-wrap\" data-name=\"erwachsene\"><input class=\"wpcf7-form-control wpcf7-number wpcf7-validates-as-required wpcf7-validates-as-number\" min=\"1\" aria-required=\"true\" aria-invalid=\"false\" value=\"\" type=\"number\" name=\"erwachsene\" \/><\/span> <\/label>\n<\/p>\n<p><label> Nombre d'enfants<br \/>\n<span class=\"wpcf7-form-control-wrap\" data-name=\"kinder\"><input class=\"wpcf7-form-control wpcf7-number wpcf7-validates-as-number\" aria-invalid=\"false\" value=\"\" type=\"number\" name=\"kinder\" \/><\/span> <\/label>\n<\/p>\n<p><label> Logement*<br \/>\n<span class=\"wpcf7-form-control-wrap\" data-name=\"unterkunft\"><select class=\"wpcf7-form-control wpcf7-select wpcf7-validates-as-required\" aria-required=\"true\" aria-invalid=\"false\" name=\"unterkunft\"><option value=\"Einzelzimmer\">Einzelzimmer<\/option><option value=\"Doppelzimmer\">Doppelzimmer<\/option><option value=\"Suite\">Suite<\/option><option value=\"Appartement\">Appartement<\/option><\/select><\/span><\/label>\n<\/p>\n<p><label> Arrangements*<br \/>\n<span class=\"wpcf7-form-control-wrap\" data-name=\"arrangements\"><select class=\"wpcf7-form-control wpcf7-select wpcf7-validates-as-required\" aria-required=\"true\" aria-invalid=\"false\" name=\"arrangements\"><option value=\"Fr\u00fchst\u00fcck\">Fr\u00fchst\u00fcck<\/option><option value=\"Halbpension\">Halbpension<\/option><\/select><\/span><\/label>\n<\/p>\n<p><label> Pr\u00e9nom*<br \/>\n<span class=\"wpcf7-form-control-wrap\" data-name=\"vorname\"><input size=\"40\" maxlength=\"400\" class=\"wpcf7-form-control wpcf7-text wpcf7-validates-as-required\" aria-required=\"true\" aria-invalid=\"false\" value=\"\" type=\"text\" name=\"vorname\" \/><\/span> <\/label>\n<\/p>\n<p><label> Nom de famille*<br \/>\n<span class=\"wpcf7-form-control-wrap\" data-name=\"nachname\"><input size=\"40\" maxlength=\"400\" class=\"wpcf7-form-control wpcf7-text wpcf7-validates-as-required\" aria-required=\"true\" aria-invalid=\"false\" value=\"\" type=\"text\" name=\"nachname\" \/><\/span> <\/label>\n<\/p>\n<p><label> Rue*<br \/>\n<span class=\"wpcf7-form-control-wrap\" data-name=\"strasse\"><input size=\"40\" maxlength=\"400\" class=\"wpcf7-form-control wpcf7-text wpcf7-validates-as-required\" aria-required=\"true\" aria-invalid=\"false\" value=\"\" type=\"text\" name=\"strasse\" \/><\/span> <\/label>\n<\/p>\n<p><label> Code Postal*<br \/>\n<span class=\"wpcf7-form-control-wrap\" data-name=\"plz\"><input class=\"wpcf7-form-control wpcf7-number wpcf7-validates-as-required wpcf7-validates-as-number\" aria-required=\"true\" aria-invalid=\"false\" value=\"\" type=\"number\" name=\"plz\" \/><\/span> <\/label>\n<\/p>\n<p><label> Ville*<br \/>\n<span class=\"wpcf7-form-control-wrap\" data-name=\"ort\"><input size=\"40\" maxlength=\"400\" class=\"wpcf7-form-control wpcf7-text wpcf7-validates-as-required\" aria-required=\"true\" aria-invalid=\"false\" value=\"\" type=\"text\" name=\"ort\" \/><\/span> <\/label>\n<\/p>\n<p><label> T\u00e9l\u00e9phone*<br \/>\n<span class=\"wpcf7-form-control-wrap\" data-name=\"telefon\"><input size=\"40\" maxlength=\"400\" class=\"wpcf7-form-control wpcf7-tel wpcf7-validates-as-required wpcf7-text wpcf7-validates-as-tel\" aria-required=\"true\" aria-invalid=\"false\" value=\"\" type=\"tel\" name=\"telefon\" \/><\/span> <\/label>\n<\/p>\n<p><label> Adresse \u00e9lectronique*<br \/>\n<span class=\"wpcf7-form-control-wrap\" data-name=\"your-email\"><input size=\"40\" maxlength=\"400\" class=\"wpcf7-form-control wpcf7-email wpcf7-validates-as-required wpcf7-text wpcf7-validates-as-email\" aria-required=\"true\" aria-invalid=\"false\" value=\"\" type=\"email\" name=\"your-email\" \/><\/span> <\/label>\n<\/p>\n<p><label> Remarques<br \/>\n<span class=\"wpcf7-form-control-wrap\" data-name=\"anmerkung\"><input size=\"40\" maxlength=\"400\" class=\"wpcf7-form-control wpcf7-text\" aria-invalid=\"false\" value=\"\" type=\"text\" name=\"anmerkung\" \/><\/span> <\/label>\n<\/p>\n<p><span class=\"wpcf7-form-control-wrap\" data-name=\"acceptance-datenschutz\"><span class=\"wpcf7-form-control wpcf7-acceptance\"><span class=\"wpcf7-list-item\"><label><input type=\"checkbox\" name=\"acceptance-datenschutz\" value=\"1\" aria-invalid=\"false\" \/><span class=\"wpcf7-list-item-label\">J'ai pris connaissance des informations sur la protection des donn\u00e9es*.<\/span><\/label><\/span><\/span><\/span>\n<\/p>\n<p><input class=\"wpcf7-form-control wpcf7-submit has-spinner\" type=\"submit\" value=\"Senden\" \/>\n<\/p><div class=\"wpcf7-response-output\" aria-hidden=\"true\"><\/div>\n<\/form>\n<\/div>\n\t\t\t\t\t<\/div>\n\t\t\t\t<\/div>\n\t\t\t\t\t\t\t\t<\/div>\n\t\t\t\t<\/div>\n\t\t\t\t\t<\/div>\n\t\t<\/div>\n\t\t\t\t\t<\/div>\n\t\t<\/section>\n\t\t\t\t<\/div>\n\t\t","protected":false},"excerpt":{"rendered":"<p>Contactez-nous Demande d&rsquo;h\u00f4tel Nous sommes heureux que vous vous int\u00e9ressiez \u00e0 un s\u00e9jour dans notre \u00e9tablissement et nous vous soumettons volontiers une offre sans engagement. Pour ce faire, il vous suffit de remplir le formulaire suivant et de nous envoyer votre demande. Nous vous contacterons imm\u00e9diatement par e-mail. Anreise* Abreise* Anzahl Erwachsene Anzahl Kinder Unterkunft* [&hellip;]<\/p>\n","protected":false},"author":1,"featured_media":0,"parent":3990,"menu_order":0,"comment_status":"closed","ping_status":"closed","template":"","meta":{"site-sidebar-layout":"no-sidebar","site-content-layout":"page-builder","ast-site-content-layout":"","site-content-style":"default","site-sidebar-style":"default","ast-global-header-display":"","ast-banner-title-visibility":"","ast-main-header-display":"","ast-hfb-above-header-display":"","ast-hfb-below-header-display":"","ast-hfb-mobile-header-display":"","site-post-title":"disabled","ast-breadcrumbs-content":"","ast-featured-img":"disabled","footer-sml-layout":"","theme-transparent-header-meta":"","adv-header-id-meta":"","stick-header-meta":"","header-above-stick-meta":"","header-main-stick-meta":"","header-below-stick-meta":"","astra-migrate-meta-layouts":"default","ast-page-background-enabled":"default","ast-page-background-meta":{"desktop":{"background-color":"var(--ast-global-color-4)","background-image":"","background-repeat":"repeat","background-position":"center center","background-size":"auto","background-attachment":"scroll","background-type":"","background-media":"","overlay-type":"","overlay-color":"","overlay-opacity":"","overlay-gradient":""},"tablet":{"background-color":"","background-image":"","background-repeat":"repeat","background-position":"center center","background-size":"auto","background-attachment":"scroll","background-type":"","background-media":"","overlay-type":"","overlay-color":"","overlay-opacity":"","overlay-gradient":""},"mobile":{"background-color":"","background-image":"","background-repeat":"repeat","background-position":"center center","background-size":"auto","background-attachment":"scroll","background-type":"","background-media":"","overlay-type":"","overlay-color":"","overlay-opacity":"","overlay-gradient":""}},"ast-content-background-meta":{"desktop":{"background-color":"var(--ast-global-color-5)","background-image":"","background-repeat":"repeat","background-position":"center center","background-size":"auto","background-attachment":"scroll","background-type":"","background-media":"","overlay-type":"","overlay-color":"","overlay-opacity":"","overlay-gradient":""},"tablet":{"background-color":"var(--ast-global-color-5)","background-image":"","background-repeat":"repeat","background-position":"center center","background-size":"auto","background-attachment":"scroll","background-type":"","background-media":"","overlay-type":"","overlay-color":"","overlay-opacity":"","overlay-gradient":""},"mobile":{"background-color":"var(--ast-global-color-5)","background-image":"","background-repeat":"repeat","background-position":"center center","background-size":"auto","background-attachment":"scroll","background-type":"","background-media":"","overlay-type":"","overlay-color":"","overlay-opacity":"","overlay-gradient":""}},"footnotes":""},"class_list":["post-3994","page","type-page","status-publish","hentry"],"yoast_head":"<!-- This site is optimized with the Yoast SEO plugin v24.9 - https:\/\/yoast.com\/wordpress\/plugins\/seo\/ -->\n<title>Demande d&#039;h\u00f4tel - morgensonne.de<\/title>\n<meta name=\"robots\" content=\"index, follow, max-snippet:-1, max-image-preview:large, max-video-preview:-1\" \/>\n<link rel=\"canonical\" href=\"https:\/\/www.morgensonne.de\/fr\/reserver\/demande-dhotel\/\" \/>\n<meta property=\"og:locale\" content=\"fr_FR\" \/>\n<meta property=\"og:type\" content=\"article\" \/>\n<meta property=\"og:title\" content=\"Demande d&#039;h\u00f4tel - morgensonne.de\" \/>\n<meta property=\"og:description\" content=\"Contactez-nous Demande d&rsquo;h\u00f4tel Nous sommes heureux que vous vous int\u00e9ressiez \u00e0 un s\u00e9jour dans notre \u00e9tablissement et nous vous soumettons volontiers une offre sans engagement. Pour ce faire, il vous suffit de remplir le formulaire suivant et de nous envoyer votre demande. Nous vous contacterons imm\u00e9diatement par e-mail. Anreise* Abreise* Anzahl Erwachsene Anzahl Kinder Unterkunft* [&hellip;]\" \/>\n<meta property=\"og:url\" content=\"https:\/\/www.morgensonne.de\/fr\/reserver\/demande-dhotel\/\" \/>\n<meta property=\"og:site_name\" content=\"morgensonne.de\" \/>\n<meta property=\"article:modified_time\" content=\"2022-07-24T19:08:54+00:00\" \/>\n<meta name=\"twitter:card\" content=\"summary_large_image\" \/>\n<script type=\"application\/ld+json\" class=\"yoast-schema-graph\">{\"@context\":\"https:\/\/schema.org\",\"@graph\":[{\"@type\":\"WebPage\",\"@id\":\"https:\/\/www.morgensonne.de\/fr\/reserver\/demande-dhotel\/\",\"url\":\"https:\/\/www.morgensonne.de\/fr\/reserver\/demande-dhotel\/\",\"name\":\"Demande d'h\u00f4tel - morgensonne.de\",\"isPartOf\":{\"@id\":\"https:\/\/www.morgensonne.de\/fr\/#website\"},\"datePublished\":\"2022-07-14T14:30:23+00:00\",\"dateModified\":\"2022-07-24T19:08:54+00:00\",\"breadcrumb\":{\"@id\":\"https:\/\/www.morgensonne.de\/fr\/reserver\/demande-dhotel\/#breadcrumb\"},\"inLanguage\":\"fr-FR\",\"potentialAction\":[{\"@type\":\"ReadAction\",\"target\":[\"https:\/\/www.morgensonne.de\/fr\/reserver\/demande-dhotel\/\"]}]},{\"@type\":\"BreadcrumbList\",\"@id\":\"https:\/\/www.morgensonne.de\/fr\/reserver\/demande-dhotel\/#breadcrumb\",\"itemListElement\":[{\"@type\":\"ListItem\",\"position\":1,\"name\":\"Startseite\",\"item\":\"https:\/\/www.morgensonne.de\/fr\/\"},{\"@type\":\"ListItem\",\"position\":2,\"name\":\"R\u00e9server\",\"item\":\"https:\/\/www.morgensonne.de\/fr\/reserver\/\"},{\"@type\":\"ListItem\",\"position\":3,\"name\":\"Demande d&rsquo;h\u00f4tel\"}]},{\"@type\":\"WebSite\",\"@id\":\"https:\/\/www.morgensonne.de\/fr\/#website\",\"url\":\"https:\/\/www.morgensonne.de\/fr\/\",\"name\":\"morgensonne.de\",\"description\":\"Hotel Morgensonne\",\"publisher\":{\"@id\":\"https:\/\/www.morgensonne.de\/fr\/#organization\"},\"potentialAction\":[{\"@type\":\"SearchAction\",\"target\":{\"@type\":\"EntryPoint\",\"urlTemplate\":\"https:\/\/www.morgensonne.de\/fr\/?s={search_term_string}\"},\"query-input\":{\"@type\":\"PropertyValueSpecification\",\"valueRequired\":true,\"valueName\":\"search_term_string\"}}],\"inLanguage\":\"fr-FR\"},{\"@type\":\"Organization\",\"@id\":\"https:\/\/www.morgensonne.de\/fr\/#organization\",\"name\":\"morgensonne.de\",\"url\":\"https:\/\/www.morgensonne.de\/fr\/\",\"logo\":{\"@type\":\"ImageObject\",\"inLanguage\":\"fr-FR\",\"@id\":\"https:\/\/www.morgensonne.de\/fr\/#\/schema\/logo\/image\/\",\"url\":\"https:\/\/www.morgensonne.de\/wp-content\/uploads\/2022\/03\/Logo-2.png\",\"contentUrl\":\"https:\/\/www.morgensonne.de\/wp-content\/uploads\/2022\/03\/Logo-2.png\",\"width\":195,\"height\":113,\"caption\":\"morgensonne.de\"},\"image\":{\"@id\":\"https:\/\/www.morgensonne.de\/fr\/#\/schema\/logo\/image\/\"}}]}<\/script>\n<!-- \/ Yoast SEO plugin. -->","yoast_head_json":{"title":"Demande d'h\u00f4tel - morgensonne.de","robots":{"index":"index","follow":"follow","max-snippet":"max-snippet:-1","max-image-preview":"max-image-preview:large","max-video-preview":"max-video-preview:-1"},"canonical":"https:\/\/www.morgensonne.de\/fr\/reserver\/demande-dhotel\/","og_locale":"fr_FR","og_type":"article","og_title":"Demande d'h\u00f4tel - morgensonne.de","og_description":"Contactez-nous Demande d&rsquo;h\u00f4tel Nous sommes heureux que vous vous int\u00e9ressiez \u00e0 un s\u00e9jour dans notre \u00e9tablissement et nous vous soumettons volontiers une offre sans engagement. Pour ce faire, il vous suffit de remplir le formulaire suivant et de nous envoyer votre demande. Nous vous contacterons imm\u00e9diatement par e-mail. Anreise* Abreise* Anzahl Erwachsene Anzahl Kinder Unterkunft* [&hellip;]","og_url":"https:\/\/www.morgensonne.de\/fr\/reserver\/demande-dhotel\/","og_site_name":"morgensonne.de","article_modified_time":"2022-07-24T19:08:54+00:00","twitter_card":"summary_large_image","schema":{"@context":"https:\/\/schema.org","@graph":[{"@type":"WebPage","@id":"https:\/\/www.morgensonne.de\/fr\/reserver\/demande-dhotel\/","url":"https:\/\/www.morgensonne.de\/fr\/reserver\/demande-dhotel\/","name":"Demande d'h\u00f4tel - morgensonne.de","isPartOf":{"@id":"https:\/\/www.morgensonne.de\/fr\/#website"},"datePublished":"2022-07-14T14:30:23+00:00","dateModified":"2022-07-24T19:08:54+00:00","breadcrumb":{"@id":"https:\/\/www.morgensonne.de\/fr\/reserver\/demande-dhotel\/#breadcrumb"},"inLanguage":"fr-FR","potentialAction":[{"@type":"ReadAction","target":["https:\/\/www.morgensonne.de\/fr\/reserver\/demande-dhotel\/"]}]},{"@type":"BreadcrumbList","@id":"https:\/\/www.morgensonne.de\/fr\/reserver\/demande-dhotel\/#breadcrumb","itemListElement":[{"@type":"ListItem","position":1,"name":"Startseite","item":"https:\/\/www.morgensonne.de\/fr\/"},{"@type":"ListItem","position":2,"name":"R\u00e9server","item":"https:\/\/www.morgensonne.de\/fr\/reserver\/"},{"@type":"ListItem","position":3,"name":"Demande d&rsquo;h\u00f4tel"}]},{"@type":"WebSite","@id":"https:\/\/www.morgensonne.de\/fr\/#website","url":"https:\/\/www.morgensonne.de\/fr\/","name":"morgensonne.de","description":"Hotel Morgensonne","publisher":{"@id":"https:\/\/www.morgensonne.de\/fr\/#organization"},"potentialAction":[{"@type":"SearchAction","target":{"@type":"EntryPoint","urlTemplate":"https:\/\/www.morgensonne.de\/fr\/?s={search_term_string}"},"query-input":{"@type":"PropertyValueSpecification","valueRequired":true,"valueName":"search_term_string"}}],"inLanguage":"fr-FR"},{"@type":"Organization","@id":"https:\/\/www.morgensonne.de\/fr\/#organization","name":"morgensonne.de","url":"https:\/\/www.morgensonne.de\/fr\/","logo":{"@type":"ImageObject","inLanguage":"fr-FR","@id":"https:\/\/www.morgensonne.de\/fr\/#\/schema\/logo\/image\/","url":"https:\/\/www.morgensonne.de\/wp-content\/uploads\/2022\/03\/Logo-2.png","contentUrl":"https:\/\/www.morgensonne.de\/wp-content\/uploads\/2022\/03\/Logo-2.png","width":195,"height":113,"caption":"morgensonne.de"},"image":{"@id":"https:\/\/www.morgensonne.de\/fr\/#\/schema\/logo\/image\/"}}]}},"_links":{"self":[{"href":"https:\/\/www.morgensonne.de\/fr\/wp-json\/wp\/v2\/pages\/3994"}],"collection":[{"href":"https:\/\/www.morgensonne.de\/fr\/wp-json\/wp\/v2\/pages"}],"about":[{"href":"https:\/\/www.morgensonne.de\/fr\/wp-json\/wp\/v2\/types\/page"}],"author":[{"embeddable":true,"href":"https:\/\/www.morgensonne.de\/fr\/wp-json\/wp\/v2\/users\/1"}],"replies":[{"embeddable":true,"href":"https:\/\/www.morgensonne.de\/fr\/wp-json\/wp\/v2\/comments?post=3994"}],"version-history":[{"count":0,"href":"https:\/\/www.morgensonne.de\/fr\/wp-json\/wp\/v2\/pages\/3994\/revisions"}],"up":[{"embeddable":true,"href":"https:\/\/www.morgensonne.de\/fr\/wp-json\/wp\/v2\/pages\/3990"}],"wp:attachment":[{"href":"https:\/\/www.morgensonne.de\/fr\/wp-json\/wp\/v2\/media?parent=3994"}],"curies":[{"name":"wp","href":"https:\/\/api.w.org\/{rel}","templated":true}]}}