{"id":4012,"date":"2022-07-21T15:52:03","date_gmt":"2022-07-21T13:52:03","guid":{"rendered":"https:\/\/morgensonne.astesu.com\/contact\/arrival\/"},"modified":"2022-07-25T21:34:53","modified_gmt":"2022-07-25T19:34:53","slug":"arrival","status":"publish","type":"page","link":"https:\/\/www.morgensonne.de\/en\/contact\/arrival\/","title":{"rendered":"Arrival"},"content":{"rendered":"\t\t<div data-elementor-type=\"wp-page\" data-elementor-id=\"4012\" class=\"elementor elementor-4012 elementor-3769\" data-elementor-post-type=\"page\">\n\t\t\t\t\t\t<section class=\"elementor-section elementor-top-section elementor-element elementor-element-9016226 elementor-section-height-min-height elementor-section-boxed elementor-section-height-default elementor-section-items-middle\" data-id=\"9016226\" data-element_type=\"section\" data-settings=\"{&quot;background_background&quot;:&quot;classic&quot;}\">\n\t\t\t\t\t\t<div class=\"elementor-container elementor-column-gap-default\">\n\t\t\t\t\t<div class=\"elementor-column elementor-col-100 elementor-top-column elementor-element elementor-element-e7c4451\" data-id=\"e7c4451\" data-element_type=\"column\">\n\t\t\t<div class=\"elementor-widget-wrap\">\n\t\t\t\t\t\t\t<\/div>\n\t\t<\/div>\n\t\t\t\t\t<\/div>\n\t\t<\/section>\n\t\t\t\t<section class=\"elementor-section elementor-top-section elementor-element elementor-element-cd57143 elementor-section-boxed elementor-section-height-default elementor-section-height-default\" data-id=\"cd57143\" data-element_type=\"section\">\n\t\t\t\t\t\t<div class=\"elementor-container elementor-column-gap-default\">\n\t\t\t\t\t<div class=\"elementor-column elementor-col-100 elementor-top-column elementor-element elementor-element-455dcf7\" data-id=\"455dcf7\" data-element_type=\"column\">\n\t\t\t<div class=\"elementor-widget-wrap elementor-element-populated\">\n\t\t\t\t\t\t<div class=\"elementor-element elementor-element-79872de elementor-widget elementor-widget-heading\" data-id=\"79872de\" data-element_type=\"widget\" data-widget_type=\"heading.default\">\n\t\t\t\t<div class=\"elementor-widget-container\">\n\t\t\t\t\t<h2 class=\"elementor-heading-title elementor-size-large\">How to find us<\/h2>\t\t\t\t<\/div>\n\t\t\t\t<\/div>\n\t\t\t\t<div class=\"elementor-element elementor-element-60f29cb elementor-widget elementor-widget-heading\" data-id=\"60f29cb\" data-element_type=\"widget\" data-widget_type=\"heading.default\">\n\t\t\t\t<div class=\"elementor-widget-container\">\n\t\t\t\t\t<h1 class=\"elementor-heading-title elementor-size-xl\">Arrival<\/h1>\t\t\t\t<\/div>\n\t\t\t\t<\/div>\n\t\t\t\t<div class=\"elementor-element elementor-element-6c3a42e elementor-widget-divider--separator-type-pattern elementor-widget-divider--view-line elementor-widget elementor-widget-divider\" data-id=\"6c3a42e\" data-element_type=\"widget\" data-widget_type=\"divider.default\">\n\t\t\t\t<div class=\"elementor-widget-container\">\n\t\t\t\t\t\t\t<div class=\"elementor-divider\" style=\"--divider-pattern-url: url(&quot;data:image\/svg+xml,%3Csvg xmlns=&#039;http:\/\/www.w3.org\/2000\/svg&#039; preserveAspectRatio=&#039;none&#039; overflow=&#039;visible&#039; height=&#039;100%&#039; viewBox=&#039;0 0 24 24&#039; fill=&#039;none&#039; stroke=&#039;black&#039; stroke-width=&#039;2&#039; stroke-linecap=&#039;square&#039; stroke-miterlimit=&#039;10&#039;%3E%3Cpath d=&#039;M0,21c3.3,0,8.3-0.9,15.7-7.1c6.6-5.4,4.4-9.3,2.4-10.3c-3.4-1.8-7.7,1.3-7.3,8.8C11.2,20,17.1,21,24,21&#039;\/%3E%3C\/svg%3E&quot;);\">\n\t\t\t<span class=\"elementor-divider-separator\">\n\t\t\t\t\t\t<\/span>\n\t\t<\/div>\n\t\t\t\t\t\t<\/div>\n\t\t\t\t<\/div>\n\t\t\t\t<div class=\"elementor-element elementor-element-26a2445 elementor-widget elementor-widget-text-editor\" data-id=\"26a2445\" data-element_type=\"widget\" data-widget_type=\"text-editor.default\">\n\t\t\t\t<div class=\"elementor-widget-container\">\n\t\t\t\t\t\t\t\t\t<p>Badenweiler is very conveniently located from a transport point of view. You can be on the motorway in 10 minutes. Freiburg and Basel are 30 minutes away by car.<\/p>\t\t\t\t\t\t\t\t<\/div>\n\t\t\t\t<\/div>\n\t\t\t\t<div class=\"elementor-element elementor-element-a4cf2df elementor-widget elementor-widget-heading\" data-id=\"a4cf2df\" data-element_type=\"widget\" data-widget_type=\"heading.default\">\n\t\t\t\t<div class=\"elementor-widget-container\">\n\t\t\t\t\t<h3 class=\"elementor-heading-title elementor-size-xl\">Arrival by car<\/h3>\t\t\t\t<\/div>\n\t\t\t\t<\/div>\n\t\t\t\t<div class=\"elementor-element elementor-element-f7771f1 elementor-widget elementor-widget-text-editor\" data-id=\"f7771f1\" data-element_type=\"widget\" data-widget_type=\"text-editor.default\">\n\t\t\t\t<div class=\"elementor-widget-container\">\n\t\t\t\t\t\t\t\t\t<p>&#8211; Motorway A 5 Karlsruhe &#8211; Basel, exit<br>&#8211; Neuenburg-M\u00fcllheim-Badenweiler<br>&#8211; Direction Sch\u00f6nau, in Badenweiler via hotel route H4<br>&#8211; Weilertalstra\u00dfe &#8211; Ernst-Eisenlohrstra\u00dfe-<br>&#8211; Bismarkstra\u00dfe &#8211; Am Berg &#8211; Wilhelmstra\u00dfe -Karlstra\u00dfe<\/p><p>Drive through the district of &#8220;Oberweiler&#8221; and then turn right towards the centre of the village. After the large &#8220;Ost&#8221; car park (on the right), you will come to the first zebra crossing after a bend to the right. After a further 150 m, turn left directly at the second zebra crossing into Bismarkstra\u00dfe. At the indicated roundabout, turn right after 200m into the street &#8220;Am Berg&#8221; and then right into &#8220;Wilhelmstra\u00dfe&#8221;, which then automatically becomes &#8220;Karlstra\u00dfe&#8221;.<\/p><p>Parking spaces for your car are available at the house. <\/p>\t\t\t\t\t\t\t\t<\/div>\n\t\t\t\t<\/div>\n\t\t\t\t<div class=\"elementor-element elementor-element-d2c8591 elementor-widget elementor-widget-heading\" data-id=\"d2c8591\" data-element_type=\"widget\" data-widget_type=\"heading.default\">\n\t\t\t\t<div class=\"elementor-widget-container\">\n\t\t\t\t\t<h3 class=\"elementor-heading-title elementor-size-xl\">Arrival by train<\/h3>\t\t\t\t<\/div>\n\t\t\t\t<\/div>\n\t\t\t\t<div class=\"elementor-element elementor-element-bc6f346 elementor-widget elementor-widget-text-editor\" data-id=\"bc6f346\" data-element_type=\"widget\" data-widget_type=\"text-editor.default\">\n\t\t\t\t<div class=\"elementor-widget-container\">\n\t\t\t\t\t\t\t\t\t<p>IC and ICE connection to Freiburg or Basel\/Bad.Bahnhof, then connection to M\u00fcllheim station (approx. 10 km from Badenweiler), bus connection to Badenweiler.<\/p><p>For those arriving by train, we organise a taxi service from M\u00fcllheim station. <\/p><p>Please plan for the rooms to be ready for occupancy only from 14:00 on the day of arrival.<\/p><p>On the day of departure we would like to ask you to vacate the rooms by 11.00 am. We are happy to help you with the transport of your luggage.<\/p>\t\t\t\t\t\t\t\t<\/div>\n\t\t\t\t<\/div>\n\t\t\t\t<div class=\"elementor-element elementor-element-8636927 elementor-widget elementor-widget-heading\" data-id=\"8636927\" data-element_type=\"widget\" data-widget_type=\"heading.default\">\n\t\t\t\t<div class=\"elementor-widget-container\">\n\t\t\t\t\t<h3 class=\"elementor-heading-title elementor-size-xl\">Arriving by plane<\/h3>\t\t\t\t<\/div>\n\t\t\t\t<\/div>\n\t\t\t\t<div class=\"elementor-element elementor-element-225ab3a elementor-widget elementor-widget-text-editor\" data-id=\"225ab3a\" data-element_type=\"widget\" data-widget_type=\"text-editor.default\">\n\t\t\t\t<div class=\"elementor-widget-container\">\n\t\t\t\t\t\t\t\t\t<div class=\"cm_elem cm_editor standard hyphenate cm_editor\"><div class=\"text\"><p>&#8230;to Zurich, Euro-Airport Basel, or Baden Airport.<\/p><\/div><\/div>\t\t\t\t\t\t\t\t<\/div>\n\t\t\t\t<\/div>\n\t\t\t\t\t<\/div>\n\t\t<\/div>\n\t\t\t\t\t<\/div>\n\t\t<\/section>\n\t\t\t\t<section class=\"elementor-section elementor-top-section elementor-element elementor-element-0dbd762 elementor-section-boxed elementor-section-height-default elementor-section-height-default\" data-id=\"0dbd762\" data-element_type=\"section\">\n\t\t\t\t\t\t<div class=\"elementor-container elementor-column-gap-default\">\n\t\t\t\t\t<div class=\"elementor-column elementor-col-50 elementor-top-column elementor-element elementor-element-022d826\" data-id=\"022d826\" data-element_type=\"column\" data-settings=\"{&quot;background_background&quot;:&quot;classic&quot;}\">\n\t\t\t<div class=\"elementor-widget-wrap elementor-element-populated\">\n\t\t\t\t\t\t<div class=\"elementor-element elementor-element-09ce300 elementor-widget elementor-widget-heading\" data-id=\"09ce300\" data-element_type=\"widget\" data-widget_type=\"heading.default\">\n\t\t\t\t<div class=\"elementor-widget-container\">\n\t\t\t\t\t<h3 class=\"elementor-heading-title elementor-size-default\">Give us a call!<\/h3>\t\t\t\t<\/div>\n\t\t\t\t<\/div>\n\t\t\t\t<div class=\"elementor-element elementor-element-3be28e6 elementor-align-center elementor-widget elementor-widget-button\" data-id=\"3be28e6\" data-element_type=\"widget\" data-widget_type=\"button.default\">\n\t\t\t\t<div class=\"elementor-widget-container\">\n\t\t\t\t\t\t\t\t\t<div class=\"elementor-button-wrapper\">\n\t\t\t\t\t<a class=\"elementor-button elementor-button-link elementor-size-lg\" href=\"tel:%20+49763282290\">\n\t\t\t\t\t\t<span class=\"elementor-button-content-wrapper\">\n\t\t\t\t\t\t\t\t\t<span class=\"elementor-button-text\">+49 7632 8229 0<\/span>\n\t\t\t\t\t<\/span>\n\t\t\t\t\t<\/a>\n\t\t\t\t<\/div>\n\t\t\t\t\t\t\t\t<\/div>\n\t\t\t\t<\/div>\n\t\t\t\t\t<\/div>\n\t\t<\/div>\n\t\t\t\t<div class=\"elementor-column elementor-col-50 elementor-top-column elementor-element elementor-element-d37691c\" data-id=\"d37691c\" data-element_type=\"column\" data-settings=\"{&quot;background_background&quot;:&quot;classic&quot;}\">\n\t\t\t<div class=\"elementor-widget-wrap elementor-element-populated\">\n\t\t\t\t\t\t<div class=\"elementor-element elementor-element-336f41b elementor-widget elementor-widget-heading\" data-id=\"336f41b\" data-element_type=\"widget\" data-widget_type=\"heading.default\">\n\t\t\t\t<div class=\"elementor-widget-container\">\n\t\t\t\t\t<h3 class=\"elementor-heading-title elementor-size-default\">Write to us!<\/h3>\t\t\t\t<\/div>\n\t\t\t\t<\/div>\n\t\t\t\t<div class=\"elementor-element elementor-element-067c09c elementor-align-center elementor-widget elementor-widget-button\" data-id=\"067c09c\" data-element_type=\"widget\" data-widget_type=\"button.default\">\n\t\t\t\t<div class=\"elementor-widget-container\">\n\t\t\t\t\t\t\t\t\t<div class=\"elementor-button-wrapper\">\n\t\t\t\t\t<a class=\"elementor-button elementor-button-link elementor-size-lg\" href=\"mailto:mail@morgensonne.de\">\n\t\t\t\t\t\t<span class=\"elementor-button-content-wrapper\">\n\t\t\t\t\t\t\t\t\t<span class=\"elementor-button-text\">Send Mail<\/span>\n\t\t\t\t\t<\/span>\n\t\t\t\t\t<\/a>\n\t\t\t\t<\/div>\n\t\t\t\t\t\t\t\t<\/div>\n\t\t\t\t<\/div>\n\t\t\t\t\t<\/div>\n\t\t<\/div>\n\t\t\t\t\t<\/div>\n\t\t<\/section>\n\t\t\t\t<section class=\"elementor-section elementor-top-section elementor-element elementor-element-232916e elementor-section-full_width elementor-section-height-default elementor-section-height-default\" data-id=\"232916e\" data-element_type=\"section\">\n\t\t\t\t\t\t<div class=\"elementor-container elementor-column-gap-default\">\n\t\t\t\t\t<div class=\"elementor-column elementor-col-100 elementor-top-column elementor-element elementor-element-aaa964a\" data-id=\"aaa964a\" data-element_type=\"column\">\n\t\t\t<div class=\"elementor-widget-wrap elementor-element-populated\">\n\t\t\t\t\t\t<div class=\"elementor-element elementor-element-c4dc549 elementor-widget elementor-widget-google_maps\" data-id=\"c4dc549\" data-element_type=\"widget\" data-widget_type=\"google_maps.default\">\n\t\t\t\t<div class=\"elementor-widget-container\">\n\t\t\t\t\t\t\t<div class=\"elementor-custom-embed\">\n\t\t\t<div class=\"BorlabsCookie _brlbs-cb-googlemaps\"><div class=\"_brlbs-content-blocker\"> <div class=\"_brlbs-embed _brlbs-google-maps\"> <img decoding=\"async\" class=\"_brlbs-thumbnail\" src=\"https:\/\/www.morgensonne.de\/wp-content\/plugins\/borlabs-cookie\/assets\/images\/cb-maps.png\" alt=\"Google Maps\"> <div class=\"_brlbs-caption\"> <p>Mit dem Laden der Karte akzeptieren Sie die Datenschutzerkl\u00e4rung von Google.<br><a href=\"https:\/\/policies.google.com\/privacy\" target=\"_blank\" rel=\"nofollow noopener noreferrer\">Mehr erfahren<\/a><\/p> <p><a class=\"_brlbs-btn\" href=\"#\" data-borlabs-cookie-unblock role=\"button\">Karte laden<\/a><\/p> <p><label><input type=\"checkbox\" name=\"unblockAll\" value=\"1\" checked> <small>Google Maps immer entsperren<\/small><\/label><\/p> <\/div> <\/div> <\/div><div class=\"borlabs-hide\" data-borlabs-cookie-type=\"content-blocker\" data-borlabs-cookie-id=\"googlemaps\"><script type=\"text\/template\">PGlmcmFtZSBsb2FkaW5nPSJsYXp5IgoJCQkJCXNyYz0iaHR0cHM6Ly9tYXBzLmdvb2dsZS5jb20vbWFwcz9xPUhvdGVsJTIwTW9yZ2Vuc29ubmUlMkMlMjBLYXJsc3RyYSVDMyU5RmUlMjAxMSUyQyUyMDc5NDEwJTIwQmFkZW53ZWlsZXImIzAzODt0PW0mIzAzODt6PTE4JiMwMzg7b3V0cHV0PWVtYmVkJiMwMzg7aXdsb2M9bmVhciIKCQkJCQl0aXRsZT0iSG90ZWwgTW9yZ2Vuc29ubmUsIEthcmxzdHJhw59lIDExLCA3OTQxMCBCYWRlbndlaWxlciIKCQkJCQlhcmlhLWxhYmVsPSJIb3RlbCBNb3JnZW5zb25uZSwgS2FybHN0cmHDn2UgMTEsIDc5NDEwIEJhZGVud2VpbGVyIgoJCQk+PC9pZnJhbWU+<\/script><\/div><\/div>\n\t\t<\/div>\n\t\t\t\t\t\t<\/div>\n\t\t\t\t<\/div>\n\t\t\t\t\t<\/div>\n\t\t<\/div>\n\t\t\t\t\t<\/div>\n\t\t<\/section>\n\t\t\t\t<\/div>\n\t\t","protected":false},"excerpt":{"rendered":"<p>How to find us Arrival Badenweiler is very conveniently located from a transport point of view. You can be on the motorway in 10 minutes. Freiburg and Basel are 30 minutes away by car. Arrival by car &#8211; Motorway A 5 Karlsruhe &#8211; Basel, exit&#8211; Neuenburg-M\u00fcllheim-Badenweiler&#8211; Direction Sch\u00f6nau, in Badenweiler via hotel route H4&#8211; Weilertalstra\u00dfe [&hellip;]<\/p>\n","protected":false},"author":1,"featured_media":0,"parent":4008,"menu_order":0,"comment_status":"closed","ping_status":"closed","template":"","meta":{"site-sidebar-layout":"no-sidebar","site-content-layout":"page-builder","ast-site-content-layout":"","site-content-style":"default","site-sidebar-style":"default","ast-global-header-display":"","ast-banner-title-visibility":"","ast-main-header-display":"","ast-hfb-above-header-display":"","ast-hfb-below-header-display":"","ast-hfb-mobile-header-display":"","site-post-title":"disabled","ast-breadcrumbs-content":"","ast-featured-img":"disabled","footer-sml-layout":"","theme-transparent-header-meta":"","adv-header-id-meta":"","stick-header-meta":"","header-above-stick-meta":"","header-main-stick-meta":"","header-below-stick-meta":"","astra-migrate-meta-layouts":"default","ast-page-background-enabled":"default","ast-page-background-meta":{"desktop":{"background-color":"var(--ast-global-color-4)","background-image":"","background-repeat":"repeat","background-position":"center center","background-size":"auto","background-attachment":"scroll","background-type":"","background-media":"","overlay-type":"","overlay-color":"","overlay-opacity":"","overlay-gradient":""},"tablet":{"background-color":"","background-image":"","background-repeat":"repeat","background-position":"center center","background-size":"auto","background-attachment":"scroll","background-type":"","background-media":"","overlay-type":"","overlay-color":"","overlay-opacity":"","overlay-gradient":""},"mobile":{"background-color":"","background-image":"","background-repeat":"repeat","background-position":"center center","background-size":"auto","background-attachment":"scroll","background-type":"","background-media":"","overlay-type":"","overlay-color":"","overlay-opacity":"","overlay-gradient":""}},"ast-content-background-meta":{"desktop":{"background-color":"var(--ast-global-color-5)","background-image":"","background-repeat":"repeat","background-position":"center center","background-size":"auto","background-attachment":"scroll","background-type":"","background-media":"","overlay-type":"","overlay-color":"","overlay-opacity":"","overlay-gradient":""},"tablet":{"background-color":"var(--ast-global-color-5)","background-image":"","background-repeat":"repeat","background-position":"center center","background-size":"auto","background-attachment":"scroll","background-type":"","background-media":"","overlay-type":"","overlay-color":"","overlay-opacity":"","overlay-gradient":""},"mobile":{"background-color":"var(--ast-global-color-5)","background-image":"","background-repeat":"repeat","background-position":"center center","background-size":"auto","background-attachment":"scroll","background-type":"","background-media":"","overlay-type":"","overlay-color":"","overlay-opacity":"","overlay-gradient":""}},"footnotes":""},"class_list":["post-4012","page","type-page","status-publish","hentry"],"yoast_head":"<!-- This site is optimized with the Yoast SEO plugin v24.9 - https:\/\/yoast.com\/wordpress\/plugins\/seo\/ -->\n<title>Arrival - morgensonne.de<\/title>\n<meta name=\"robots\" content=\"index, follow, max-snippet:-1, max-image-preview:large, max-video-preview:-1\" \/>\n<link rel=\"canonical\" href=\"https:\/\/www.morgensonne.de\/en\/contact\/arrival\/\" \/>\n<meta property=\"og:locale\" content=\"en_US\" \/>\n<meta property=\"og:type\" content=\"article\" \/>\n<meta property=\"og:title\" content=\"Arrival - morgensonne.de\" \/>\n<meta property=\"og:description\" content=\"How to find us Arrival Badenweiler is very conveniently located from a transport point of view. You can be on the motorway in 10 minutes. Freiburg and Basel are 30 minutes away by car. Arrival by car &#8211; Motorway A 5 Karlsruhe &#8211; Basel, exit&#8211; Neuenburg-M\u00fcllheim-Badenweiler&#8211; Direction Sch\u00f6nau, in Badenweiler via hotel route H4&#8211; Weilertalstra\u00dfe [&hellip;]\" \/>\n<meta property=\"og:url\" content=\"https:\/\/www.morgensonne.de\/en\/contact\/arrival\/\" \/>\n<meta property=\"og:site_name\" content=\"morgensonne.de\" \/>\n<meta property=\"article:modified_time\" content=\"2022-07-25T19:34:53+00:00\" \/>\n<meta name=\"twitter:card\" content=\"summary_large_image\" \/>\n<meta name=\"twitter:label1\" content=\"Est. reading time\" \/>\n\t<meta name=\"twitter:data1\" content=\"1 minute\" \/>\n<script type=\"application\/ld+json\" class=\"yoast-schema-graph\">{\"@context\":\"https:\/\/schema.org\",\"@graph\":[{\"@type\":\"WebPage\",\"@id\":\"https:\/\/www.morgensonne.de\/en\/contact\/arrival\/\",\"url\":\"https:\/\/www.morgensonne.de\/en\/contact\/arrival\/\",\"name\":\"Arrival - morgensonne.de\",\"isPartOf\":{\"@id\":\"https:\/\/www.morgensonne.de\/en\/#website\"},\"datePublished\":\"2022-07-21T13:52:03+00:00\",\"dateModified\":\"2022-07-25T19:34:53+00:00\",\"breadcrumb\":{\"@id\":\"https:\/\/www.morgensonne.de\/en\/contact\/arrival\/#breadcrumb\"},\"inLanguage\":\"en-US\",\"potentialAction\":[{\"@type\":\"ReadAction\",\"target\":[\"https:\/\/www.morgensonne.de\/en\/contact\/arrival\/\"]}]},{\"@type\":\"BreadcrumbList\",\"@id\":\"https:\/\/www.morgensonne.de\/en\/contact\/arrival\/#breadcrumb\",\"itemListElement\":[{\"@type\":\"ListItem\",\"position\":1,\"name\":\"Startseite\",\"item\":\"https:\/\/www.morgensonne.de\/en\/\"},{\"@type\":\"ListItem\",\"position\":2,\"name\":\"Contact\",\"item\":\"https:\/\/www.morgensonne.de\/en\/contact\/\"},{\"@type\":\"ListItem\",\"position\":3,\"name\":\"Arrival\"}]},{\"@type\":\"WebSite\",\"@id\":\"https:\/\/www.morgensonne.de\/en\/#website\",\"url\":\"https:\/\/www.morgensonne.de\/en\/\",\"name\":\"morgensonne.de\",\"description\":\"Hotel Morgensonne\",\"publisher\":{\"@id\":\"https:\/\/www.morgensonne.de\/en\/#organization\"},\"potentialAction\":[{\"@type\":\"SearchAction\",\"target\":{\"@type\":\"EntryPoint\",\"urlTemplate\":\"https:\/\/www.morgensonne.de\/en\/?s={search_term_string}\"},\"query-input\":{\"@type\":\"PropertyValueSpecification\",\"valueRequired\":true,\"valueName\":\"search_term_string\"}}],\"inLanguage\":\"en-US\"},{\"@type\":\"Organization\",\"@id\":\"https:\/\/www.morgensonne.de\/en\/#organization\",\"name\":\"morgensonne.de\",\"url\":\"https:\/\/www.morgensonne.de\/en\/\",\"logo\":{\"@type\":\"ImageObject\",\"inLanguage\":\"en-US\",\"@id\":\"https:\/\/www.morgensonne.de\/en\/#\/schema\/logo\/image\/\",\"url\":\"https:\/\/www.morgensonne.de\/wp-content\/uploads\/2022\/03\/Logo-2.png\",\"contentUrl\":\"https:\/\/www.morgensonne.de\/wp-content\/uploads\/2022\/03\/Logo-2.png\",\"width\":195,\"height\":113,\"caption\":\"morgensonne.de\"},\"image\":{\"@id\":\"https:\/\/www.morgensonne.de\/en\/#\/schema\/logo\/image\/\"}}]}<\/script>\n<!-- \/ Yoast SEO plugin. -->","yoast_head_json":{"title":"Arrival - morgensonne.de","robots":{"index":"index","follow":"follow","max-snippet":"max-snippet:-1","max-image-preview":"max-image-preview:large","max-video-preview":"max-video-preview:-1"},"canonical":"https:\/\/www.morgensonne.de\/en\/contact\/arrival\/","og_locale":"en_US","og_type":"article","og_title":"Arrival - morgensonne.de","og_description":"How to find us Arrival Badenweiler is very conveniently located from a transport point of view. You can be on the motorway in 10 minutes. Freiburg and Basel are 30 minutes away by car. Arrival by car &#8211; Motorway A 5 Karlsruhe &#8211; Basel, exit&#8211; Neuenburg-M\u00fcllheim-Badenweiler&#8211; Direction Sch\u00f6nau, in Badenweiler via hotel route H4&#8211; Weilertalstra\u00dfe [&hellip;]","og_url":"https:\/\/www.morgensonne.de\/en\/contact\/arrival\/","og_site_name":"morgensonne.de","article_modified_time":"2022-07-25T19:34:53+00:00","twitter_card":"summary_large_image","twitter_misc":{"Est. reading time":"1 minute"},"schema":{"@context":"https:\/\/schema.org","@graph":[{"@type":"WebPage","@id":"https:\/\/www.morgensonne.de\/en\/contact\/arrival\/","url":"https:\/\/www.morgensonne.de\/en\/contact\/arrival\/","name":"Arrival - morgensonne.de","isPartOf":{"@id":"https:\/\/www.morgensonne.de\/en\/#website"},"datePublished":"2022-07-21T13:52:03+00:00","dateModified":"2022-07-25T19:34:53+00:00","breadcrumb":{"@id":"https:\/\/www.morgensonne.de\/en\/contact\/arrival\/#breadcrumb"},"inLanguage":"en-US","potentialAction":[{"@type":"ReadAction","target":["https:\/\/www.morgensonne.de\/en\/contact\/arrival\/"]}]},{"@type":"BreadcrumbList","@id":"https:\/\/www.morgensonne.de\/en\/contact\/arrival\/#breadcrumb","itemListElement":[{"@type":"ListItem","position":1,"name":"Startseite","item":"https:\/\/www.morgensonne.de\/en\/"},{"@type":"ListItem","position":2,"name":"Contact","item":"https:\/\/www.morgensonne.de\/en\/contact\/"},{"@type":"ListItem","position":3,"name":"Arrival"}]},{"@type":"WebSite","@id":"https:\/\/www.morgensonne.de\/en\/#website","url":"https:\/\/www.morgensonne.de\/en\/","name":"morgensonne.de","description":"Hotel Morgensonne","publisher":{"@id":"https:\/\/www.morgensonne.de\/en\/#organization"},"potentialAction":[{"@type":"SearchAction","target":{"@type":"EntryPoint","urlTemplate":"https:\/\/www.morgensonne.de\/en\/?s={search_term_string}"},"query-input":{"@type":"PropertyValueSpecification","valueRequired":true,"valueName":"search_term_string"}}],"inLanguage":"en-US"},{"@type":"Organization","@id":"https:\/\/www.morgensonne.de\/en\/#organization","name":"morgensonne.de","url":"https:\/\/www.morgensonne.de\/en\/","logo":{"@type":"ImageObject","inLanguage":"en-US","@id":"https:\/\/www.morgensonne.de\/en\/#\/schema\/logo\/image\/","url":"https:\/\/www.morgensonne.de\/wp-content\/uploads\/2022\/03\/Logo-2.png","contentUrl":"https:\/\/www.morgensonne.de\/wp-content\/uploads\/2022\/03\/Logo-2.png","width":195,"height":113,"caption":"morgensonne.de"},"image":{"@id":"https:\/\/www.morgensonne.de\/en\/#\/schema\/logo\/image\/"}}]}},"_links":{"self":[{"href":"https:\/\/www.morgensonne.de\/en\/wp-json\/wp\/v2\/pages\/4012"}],"collection":[{"href":"https:\/\/www.morgensonne.de\/en\/wp-json\/wp\/v2\/pages"}],"about":[{"href":"https:\/\/www.morgensonne.de\/en\/wp-json\/wp\/v2\/types\/page"}],"author":[{"embeddable":true,"href":"https:\/\/www.morgensonne.de\/en\/wp-json\/wp\/v2\/users\/1"}],"replies":[{"embeddable":true,"href":"https:\/\/www.morgensonne.de\/en\/wp-json\/wp\/v2\/comments?post=4012"}],"version-history":[{"count":0,"href":"https:\/\/www.morgensonne.de\/en\/wp-json\/wp\/v2\/pages\/4012\/revisions"}],"up":[{"embeddable":true,"href":"https:\/\/www.morgensonne.de\/en\/wp-json\/wp\/v2\/pages\/4008"}],"wp:attachment":[{"href":"https:\/\/www.morgensonne.de\/en\/wp-json\/wp\/v2\/media?parent=4012"}],"curies":[{"name":"wp","href":"https:\/\/api.w.org\/{rel}","templated":true}]}}